{"id":1231,"date":"2026-01-28T11:03:06","date_gmt":"2026-01-28T10:03:06","guid":{"rendered":"https:\/\/owners.banusrentals.com\/?page_id=1231"},"modified":"2026-01-28T11:03:07","modified_gmt":"2026-01-28T10:03:07","slug":"home","status":"publish","type":"page","link":"https:\/\/owners.banusrentals.com\/fr\/inicio-2\/","title":{"rendered":"Home"},"content":{"rendered":"","protected":false},"excerpt":{"rendered":"","protected":false},"author":2,"featured_media":0,"parent":0,"menu_order":0,"comment_status":"closed","ping_status":"closed","template":"","meta":{"_acf_changed":false,"footnotes":""},"class_list":["post-1231","page","type-page","status-publish","hentry"],"acf":[],"yoast_head":"<!-- This site is optimized with the Yoast SEO plugin v24.8 - https:\/\/yoast.com\/wordpress\/plugins\/seo\/ -->\n<title>Gestion de propri\u00e9t\u00e9s de locations de vacances Marbella<\/title>\n<meta name=\"description\" content=\"Gestion de propri\u00e9t\u00e9s de locations de vacances \u00e0 Marbella : augmentez vos r\u00e9servations et vos revenus pendant que nous nous occupons de tout.\" \/>\n<meta name=\"robots\" content=\"noindex, nofollow\" \/>\n<meta property=\"og:locale\" content=\"fr_FR\" \/>\n<meta property=\"og:type\" content=\"article\" \/>\n<meta property=\"og:title\" content=\"Gestion de propri\u00e9t\u00e9s de locations de vacances Marbella\" \/>\n<meta property=\"og:description\" content=\"Gestion de propri\u00e9t\u00e9s de locations de vacances \u00e0 Marbella : augmentez vos r\u00e9servations et vos revenus pendant que nous nous occupons de tout.\" \/>\n<meta property=\"og:url\" content=\"https:\/\/owners.banusrentals.com\/fr\/inicio-2\/\" \/>\n<meta property=\"og:site_name\" content=\"Banus Rentals\" \/>\n<meta property=\"article:publisher\" content=\"https:\/\/www.facebook.com\/BanusRentalsMarbella\" \/>\n<meta property=\"article:modified_time\" content=\"2026-01-28T10:03:07+00:00\" \/>\n<meta name=\"twitter:card\" content=\"summary_large_image\" \/>\n<script type=\"application\/ld+json\" class=\"yoast-schema-graph\">{\"@context\":\"https:\/\/schema.org\",\"@graph\":[{\"@type\":\"WebPage\",\"@id\":\"https:\/\/owners.banusrentals.com\/fr\/inicio-2\/\",\"url\":\"https:\/\/owners.banusrentals.com\/fr\/inicio-2\/\",\"name\":\"Gestion de propri\u00e9t\u00e9s de locations de vacances Marbella\",\"isPartOf\":{\"@id\":\"https:\/\/owners.banusrentals.com\/fr\/#website\"},\"datePublished\":\"2026-01-28T10:03:06+00:00\",\"dateModified\":\"2026-01-28T10:03:07+00:00\",\"description\":\"Gestion de propri\u00e9t\u00e9s de locations de vacances \u00e0 Marbella : augmentez vos r\u00e9servations et vos revenus pendant que nous nous occupons de tout.\",\"breadcrumb\":{\"@id\":\"https:\/\/owners.banusrentals.com\/fr\/inicio-2\/#breadcrumb\"},\"inLanguage\":\"fr-FR\",\"potentialAction\":[{\"@type\":\"ReadAction\",\"target\":[\"https:\/\/owners.banusrentals.com\/fr\/inicio-2\/\"]}]},{\"@type\":\"BreadcrumbList\",\"@id\":\"https:\/\/owners.banusrentals.com\/fr\/inicio-2\/#breadcrumb\",\"itemListElement\":[{\"@type\":\"ListItem\",\"position\":1,\"name\":\"Home\",\"item\":\"https:\/\/owners.banusrentals.com\/fr\/\"},{\"@type\":\"ListItem\",\"position\":2,\"name\":\"Home\"}]},{\"@type\":\"WebSite\",\"@id\":\"https:\/\/owners.banusrentals.com\/fr\/#website\",\"url\":\"https:\/\/owners.banusrentals.com\/fr\/\",\"name\":\"Banus Rentals Marbella\",\"description\":\"\",\"publisher\":{\"@id\":\"https:\/\/owners.banusrentals.com\/fr\/#organization\"},\"potentialAction\":[{\"@type\":\"SearchAction\",\"target\":{\"@type\":\"EntryPoint\",\"urlTemplate\":\"https:\/\/owners.banusrentals.com\/fr\/?s={search_term_string}\"},\"query-input\":{\"@type\":\"PropertyValueSpecification\",\"valueRequired\":true,\"valueName\":\"search_term_string\"}}],\"inLanguage\":\"fr-FR\"},{\"@type\":\"Organization\",\"@id\":\"https:\/\/owners.banusrentals.com\/fr\/#organization\",\"name\":\"Banus Rentals Marbella\",\"url\":\"https:\/\/owners.banusrentals.com\/fr\/\",\"logo\":{\"@type\":\"ImageObject\",\"inLanguage\":\"fr-FR\",\"@id\":\"https:\/\/owners.banusrentals.com\/fr\/#\/schema\/logo\/image\/\",\"url\":\"http:\/\/banus.local\/wp-content\/uploads\/2025\/04\/logo.png\",\"contentUrl\":\"http:\/\/banus.local\/wp-content\/uploads\/2025\/04\/logo.png\",\"width\":636,\"height\":245,\"caption\":\"Banus Rentals Marbella\"},\"image\":{\"@id\":\"https:\/\/owners.banusrentals.com\/fr\/#\/schema\/logo\/image\/\"},\"sameAs\":[\"https:\/\/www.facebook.com\/BanusRentalsMarbella\"]}]}<\/script>\n<!-- \/ Yoast SEO plugin. -->","yoast_head_json":{"title":"Gestion de propri\u00e9t\u00e9s de locations de vacances Marbella","description":"Gestion de propri\u00e9t\u00e9s de locations de vacances \u00e0 Marbella : augmentez vos r\u00e9servations et vos revenus pendant que nous nous occupons de tout.","robots":{"index":"noindex","follow":"nofollow"},"og_locale":"fr_FR","og_type":"article","og_title":"Gestion de propri\u00e9t\u00e9s de locations de vacances Marbella","og_description":"Gestion de propri\u00e9t\u00e9s de locations de vacances \u00e0 Marbella : augmentez vos r\u00e9servations et vos revenus pendant que nous nous occupons de tout.","og_url":"https:\/\/owners.banusrentals.com\/fr\/inicio-2\/","og_site_name":"Banus Rentals","article_publisher":"https:\/\/www.facebook.com\/BanusRentalsMarbella","article_modified_time":"2026-01-28T10:03:07+00:00","twitter_card":"summary_large_image","schema":{"@context":"https:\/\/schema.org","@graph":[{"@type":"WebPage","@id":"https:\/\/owners.banusrentals.com\/fr\/inicio-2\/","url":"https:\/\/owners.banusrentals.com\/fr\/inicio-2\/","name":"Gestion de propri\u00e9t\u00e9s de locations de vacances Marbella","isPartOf":{"@id":"https:\/\/owners.banusrentals.com\/fr\/#website"},"datePublished":"2026-01-28T10:03:06+00:00","dateModified":"2026-01-28T10:03:07+00:00","description":"Gestion de propri\u00e9t\u00e9s de locations de vacances \u00e0 Marbella : augmentez vos r\u00e9servations et vos revenus pendant que nous nous occupons de tout.","breadcrumb":{"@id":"https:\/\/owners.banusrentals.com\/fr\/inicio-2\/#breadcrumb"},"inLanguage":"fr-FR","potentialAction":[{"@type":"ReadAction","target":["https:\/\/owners.banusrentals.com\/fr\/inicio-2\/"]}]},{"@type":"BreadcrumbList","@id":"https:\/\/owners.banusrentals.com\/fr\/inicio-2\/#breadcrumb","itemListElement":[{"@type":"ListItem","position":1,"name":"Home","item":"https:\/\/owners.banusrentals.com\/fr\/"},{"@type":"ListItem","position":2,"name":"Home"}]},{"@type":"WebSite","@id":"https:\/\/owners.banusrentals.com\/fr\/#website","url":"https:\/\/owners.banusrentals.com\/fr\/","name":"Banus Rentals Marbella","description":"","publisher":{"@id":"https:\/\/owners.banusrentals.com\/fr\/#organization"},"potentialAction":[{"@type":"SearchAction","target":{"@type":"EntryPoint","urlTemplate":"https:\/\/owners.banusrentals.com\/fr\/?s={search_term_string}"},"query-input":{"@type":"PropertyValueSpecification","valueRequired":true,"valueName":"search_term_string"}}],"inLanguage":"fr-FR"},{"@type":"Organization","@id":"https:\/\/owners.banusrentals.com\/fr\/#organization","name":"Banus Rentals Marbella","url":"https:\/\/owners.banusrentals.com\/fr\/","logo":{"@type":"ImageObject","inLanguage":"fr-FR","@id":"https:\/\/owners.banusrentals.com\/fr\/#\/schema\/logo\/image\/","url":"http:\/\/banus.local\/wp-content\/uploads\/2025\/04\/logo.png","contentUrl":"http:\/\/banus.local\/wp-content\/uploads\/2025\/04\/logo.png","width":636,"height":245,"caption":"Banus Rentals Marbella"},"image":{"@id":"https:\/\/owners.banusrentals.com\/fr\/#\/schema\/logo\/image\/"},"sameAs":["https:\/\/www.facebook.com\/BanusRentalsMarbella"]}]}},"_links":{"self":[{"href":"https:\/\/owners.banusrentals.com\/fr\/wp-json\/wp\/v2\/pages\/1231","targetHints":{"allow":["GET"]}}],"collection":[{"href":"https:\/\/owners.banusrentals.com\/fr\/wp-json\/wp\/v2\/pages"}],"about":[{"href":"https:\/\/owners.banusrentals.com\/fr\/wp-json\/wp\/v2\/types\/page"}],"author":[{"embeddable":true,"href":"https:\/\/owners.banusrentals.com\/fr\/wp-json\/wp\/v2\/users\/2"}],"replies":[{"embeddable":true,"href":"https:\/\/owners.banusrentals.com\/fr\/wp-json\/wp\/v2\/comments?post=1231"}],"version-history":[{"count":1,"href":"https:\/\/owners.banusrentals.com\/fr\/wp-json\/wp\/v2\/pages\/1231\/revisions"}],"predecessor-version":[{"id":1239,"href":"https:\/\/owners.banusrentals.com\/fr\/wp-json\/wp\/v2\/pages\/1231\/revisions\/1239"}],"wp:attachment":[{"href":"https:\/\/owners.banusrentals.com\/fr\/wp-json\/wp\/v2\/media?parent=1231"}],"curies":[{"name":"wp","href":"https:\/\/api.w.org\/{rel}","templated":true}]}}